{"id":14399,"date":"2024-06-11T15:57:59","date_gmt":"2024-06-11T13:57:59","guid":{"rendered":"https:\/\/metalpar.co\/newsite\/?page_id=14399"},"modified":"2024-06-11T22:09:24","modified_gmt":"2024-06-11T20:09:24","slug":"seguridad-y-salud","status":"publish","type":"page","link":"https:\/\/metalpar.co\/newsite\/seguridad-y-salud\/","title":{"rendered":"Seguridad y Salud"},"content":{"rendered":"\t\t<div data-elementor-type=\"wp-page\" data-elementor-id=\"14399\" class=\"elementor elementor-14399\">\n\t\t\t\t        <section class=\"elementor-section elementor-top-section elementor-element elementor-element-bcf0a99 elementor-section-stretched elementor-section-boxed elementor-section-height-default elementor-section-height-default ct-header-fixed-none ct-column-none ct-row-scroll-none ct-row-gradient--none ct-row-container--default\" data-id=\"bcf0a99\" data-element_type=\"section\" data-settings=\"{&quot;stretch_section&quot;:&quot;section-stretched&quot;,&quot;background_background&quot;:&quot;classic&quot;}\">\n            \n                        <div class=\"elementor-container elementor-column-gap-extended \">\n                    <div class=\"elementor-column elementor-col-50 elementor-top-column elementor-element elementor-element-2a94696f ct-column-none col-offset-none\" data-id=\"2a94696f\" data-element_type=\"column\">\n        <div class=\"elementor-widget-wrap elementor-element-populated\">\n                    \n        \t\t<div class=\"elementor-element elementor-element-ffdeabd bounce-1 elementor-widget elementor-widget-ct_image\" data-id=\"ffdeabd\" data-element_type=\"widget\" data-widget_type=\"ct_image.default\">\n\t\t\t\t<div class=\"elementor-widget-container\">\n\t\t\t<div class=\"ct-image-single   wow fadeInDown\" data-width=\"\" data-height=\"\" data-wow-delay=\"ms\">\r\n            <div class=\"ct-image-single--inner\">\r\n                            <img decoding=\"async\" width=\"109\" height=\"109\" src=\"https:\/\/metalpar.co\/newsite\/wp-content\/uploads\/2021\/11\/image-round-holder.png\" class=\"no-lazyload img-main attachment-full\" alt=\"\" \/>                    <\/div>\r\n    <\/div>\t\t<\/div>\n\t\t\t\t<\/div>\n\t\t\t\t<div class=\"elementor-element elementor-element-45a0fe36 elementor-widget elementor-widget-ct_video_player\" data-id=\"45a0fe36\" data-element_type=\"widget\" data-widget_type=\"ct_video_player.default\">\n\t\t\t\t<div class=\"elementor-widget-container\">\n\t\t\t<div class=\"ct-video-player ct-video-style2 wow fadeInUp\" data-wow-delay=\"ms\">\r\n    <div class=\"ct-video-box\">\r\n                    <div class=\"ct-video-holder\">\r\n                                    <img fetchpriority=\"high\" decoding=\"async\" width=\"800\" height=\"800\" src=\"https:\/\/metalpar.co\/newsite\/wp-content\/uploads\/2024\/05\/Metalp-1.webp\" class=\"attachment-full\" alt=\"\" \/>                            <\/div>\r\n                    <\/div>\r\n<\/div>\t\t<\/div>\n\t\t\t\t<\/div>\n\t\t            <\/div>\n        <\/div>\n                <div class=\"elementor-column elementor-col-50 elementor-top-column elementor-element elementor-element-7477e63b ct-column-none col-offset-none\" data-id=\"7477e63b\" data-element_type=\"column\">\n        <div class=\"elementor-widget-wrap elementor-element-populated\">\n                    \n        \t\t<div class=\"elementor-element elementor-element-689b6104 elementor-widget elementor-widget-ct_heading\" data-id=\"689b6104\" data-element_type=\"widget\" data-widget_type=\"ct_heading.default\">\n\t\t\t\t<div class=\"elementor-widget-container\">\n\t\t\t<div id=\"ct_heading-689b6104\" class=\"ct-heading h-align-left item-st-default\">\r\n    <div class=\"heading-wrapper\">\r\n        <div class=\"inner-heading\">\r\n                          \t                <h3 class=\"item--title case-animate-time st-default \" data-wow-delay=\"ms\">\r\n                    <span class=\"slide-in-container\"><span class=\"d-inline-block wow case-fade-in-up\">SAGRILAFT\n<\/span><\/span>                <\/h3>\r\n        <\/div>\r\n    <\/div>\r\n<\/div>\r\n\t\t<\/div>\n\t\t\t\t<\/div>\n\t\t\t\t<div class=\"elementor-element elementor-element-301513f5 elementor-widget elementor-widget-ct_text_editor\" data-id=\"301513f5\" data-element_type=\"widget\" data-widget_type=\"ct_text_editor.default\">\n\t\t\t\t<div class=\"elementor-widget-container\">\n\t\t\t<div id=\"ct_text_editor-301513f5\" class=\"ct-text-editor \" data-wow-delay=\"ms\">\n\t<div class=\"ct-inline-css\"  data-css=\"\n        \t\t\">\n\n    <\/div>\n\t<div class=\"ct-text-editor-inner elementor-clearfix\">\n\t\t<div class=\"elementor-element elementor-element-1e0cfb2b elementor-widget elementor-widget-ct_text_editor\" data-id=\"1e0cfb2b\" data-element_type=\"widget\" data-widget_type=\"ct_text_editor.default\"><div class=\"elementor-widget-container\"><div id=\"ct_text_editor-1e0cfb2b\" class=\"ct-text-editor \" data-wow-delay=\"ms\"><div class=\"ct-text-editor elementor-clearfix\"><p>Declaraci\u00f3n sobre la Pol\u00edtica del Sistema de Autocontrol y Gesti\u00f3n del Riesgo de Lavado de Activos y Contra la Financiaci\u00f3n del Terrorismo \u2013 SAGRILAFT<\/p><\/div><\/div><\/div><\/div>\t\t\n\t<\/div>\n<\/div>\t\t<\/div>\n\t\t\t\t<\/div>\n\t\t\t\t<div class=\"elementor-element elementor-element-1713d3b elementor-widget elementor-widget-ct_text_editor\" data-id=\"1713d3b\" data-element_type=\"widget\" data-widget_type=\"ct_text_editor.default\">\n\t\t\t\t<div class=\"elementor-widget-container\">\n\t\t\t<div id=\"ct_text_editor-1713d3b\" class=\"ct-text-editor \" data-wow-delay=\"ms\">\n\t<div class=\"ct-inline-css\"  data-css=\"\n        \t\t\">\n\n    <\/div>\n\t<div class=\"ct-text-editor-inner elementor-clearfix\">\n\t\t<div class=\"elementor-element elementor-element-1e0cfb2b elementor-widget elementor-widget-ct_text_editor\" data-id=\"1e0cfb2b\" data-element_type=\"widget\" data-widget_type=\"ct_text_editor.default\"><div class=\"elementor-widget-container\"><div id=\"ct_text_editor-1e0cfb2b\" class=\"ct-text-editor \" data-wow-delay=\"ms\"><div class=\"ct-text-editor elementor-clearfix\"><p><strong>METALPAR S.A.S<\/strong> es una Empresa de Ingenieri\u0301a cuyo objeto social esta\u0301 dirigido a la construccio\u0301n de obras civiles, meca\u0301nicas, ele\u0301ctricas y de instrumentacio\u0301n especialmente al sector de hidrocarburos en el territorio colombiano, fortaleciendo di\u0301a a di\u0301a sus servicios, procesos y la cultura corporativa, logrando de esta forma ser una Empresa li\u0301der en su secto<\/p><p>Acogiendo las mejores pra\u0301cticas en la lucha contra el Lavado de Activos y la Financiacio\u0301n del Terrorismo y de esta forma acatar en forma efectiva directrices normativas, METALPAR S.A.S, procede al disen\u0303o e implementacio\u0301n del SAGRILAFT, es decir, el Sistema de Autocontrol y Gestio\u0301n del Riesgo Integral de lavado de activos y financiacio\u0301n del terrorismo defino por la Superintendencia de Sociedades al interior del Capi\u0301tulo X de la CBJ de ese Organismo, con el propo\u0301sito que las Empresas del sector real, protejan de manera oportuna y efectiva su actividad econo\u0301mica de la posibilidad de ser utilizada por organizaciones criminales para dar apariencia de legalidad a recursos de procedencia ili\u0301cita o facilitar la financiacio\u0301n de grupos terroristas u organizaciones al margen de la ley.<\/p><\/div><\/div><\/div><\/div>\t\t\n\t<\/div>\n<\/div>\t\t<\/div>\n\t\t\t\t<\/div>\n\t\t            <\/div>\n        <\/div>\n                    <\/div>\n        <\/section>\n                <section class=\"elementor-section elementor-inner-section elementor-element elementor-element-57970433 elementor-section-boxed elementor-section-height-default elementor-section-height-default ct-header-fixed-none ct-column-none ct-row-scroll-none ct-row-gradient--none ct-row-container--default\" data-id=\"57970433\" data-element_type=\"section\">\n            \n                        <div class=\"elementor-container elementor-column-gap-extended \">\n                    <div class=\"elementor-column elementor-col-50 elementor-inner-column elementor-element elementor-element-430493c9 ct-column-none col-offset-none\" data-id=\"430493c9\" data-element_type=\"column\">\n        <div class=\"elementor-widget-wrap elementor-element-populated\">\n                    \n        \t\t<div class=\"elementor-element elementor-element-0416165 elementor-widget elementor-widget-ct_text_editor\" data-id=\"0416165\" data-element_type=\"widget\" data-widget_type=\"ct_text_editor.default\">\n\t\t\t\t<div class=\"elementor-widget-container\">\n\t\t\t<div id=\"ct_text_editor-0416165\" class=\"ct-text-editor \" data-wow-delay=\"ms\">\n\t<div class=\"ct-inline-css\"  data-css=\"\n        \t\t\">\n\n    <\/div>\n\t<div class=\"ct-text-editor-inner elementor-clearfix\">\n\t\t<div class=\"elementor-element elementor-element-1e0cfb2b elementor-widget elementor-widget-ct_text_editor\" data-id=\"1e0cfb2b\" data-element_type=\"widget\" data-widget_type=\"ct_text_editor.default\"><div class=\"elementor-widget-container\"><div id=\"ct_text_editor-1e0cfb2b\" class=\"ct-text-editor \" data-wow-delay=\"ms\"><div class=\"ct-text-editor elementor-clearfix\"><p><strong>METALPAR S.A.S<\/strong> es una Empresa de Ingenieri\u0301a cuyo objeto social esta\u0301 dirigido a la construccio\u0301n de obras civiles, meca\u0301nicas, ele\u0301ctricas y de instrumentacio\u0301n especialmente al sector de hidrocarburos en el territorio colombiano, fortaleciendo di\u0301a a di\u0301a sus servicios, procesos y la cultura corporativa, logrando de esta forma ser una Empresa li\u0301der en su secto<\/p><p>Acogiendo las mejores pra\u0301cticas en la lucha contra el Lavado de Activos y la Financiacio\u0301n del Terrorismo y de esta forma acatar en forma efectiva directrices normativas, METALPAR S.A.S, procede al disen\u0303o e implementacio\u0301n del SAGRILAFT, es decir, el Sistema de Autocontrol y Gestio\u0301n del Riesgo Integral de lavado de activos y financiacio\u0301n del terrorismo defino por la Superintendencia de Sociedades al interior del Capi\u0301tulo X de la CBJ de ese Organismo, con el propo\u0301sito que las Empresas del sector real, protejan de manera oportuna y efectiva su actividad econo\u0301mica de la posibilidad de ser utilizada por organizaciones criminales para dar apariencia de legalidad a recursos de procedencia ili\u0301cita o facilitar la financiacio\u0301n de grupos terroristas u organizaciones al margen de la ley.<\/p><\/div><\/div><\/div><\/div>\t\t\n\t<\/div>\n<\/div>\t\t<\/div>\n\t\t\t\t<\/div>\n\t\t            <\/div>\n        <\/div>\n                <div class=\"elementor-column elementor-col-50 elementor-inner-column elementor-element elementor-element-7ec38018 ct-column-none col-offset-none\" data-id=\"7ec38018\" data-element_type=\"column\">\n        <div class=\"elementor-widget-wrap elementor-element-populated\">\n                    \n        \t\t<div class=\"elementor-element elementor-element-1d18e60f elementor-widget elementor-widget-ct_banner\" data-id=\"1d18e60f\" data-element_type=\"widget\" data-widget_type=\"ct_banner.default\">\n\t\t\t\t<div class=\"elementor-widget-container\">\n\t\t\t\t<div class=\"ct-banner layout1 \" data-wow-delay=\"ms\">\r\n\t\t<div class=\"ct-banner-inner\">\r\n\t\t\t<div class=\"ct-banner-image\">\r\n\t\t\t\t<img decoding=\"async\" class=\"\" src=\"https:\/\/metalpar.co\/newsite\/wp-content\/uploads\/2024\/04\/dos-500x432.webp\" width=\"500\" height=\"432\" alt=\"dos\" title=\"dos\" \/>\t\t\t<\/div>\r\n                            <div class=\"ct-image-small\">\r\n                    <div class=\"inner-image-small\">\r\n                        <img loading=\"lazy\" decoding=\"async\" class=\"\" src=\"https:\/\/metalpar.co\/newsite\/wp-content\/uploads\/2021\/11\/Tanques-270x220.webp\" width=\"270\" height=\"220\" alt=\"Tanques\" title=\"Tanques\" \/>        \r\n                    <\/div>\r\n                <\/div>\r\n                                        <div class=\"ct-image-small2\">\r\n                    <div class=\"inner-image-small\">\r\n                        <img loading=\"lazy\" decoding=\"async\" class=\"\" src=\"https:\/\/metalpar.co\/newsite\/wp-content\/uploads\/2024\/05\/FOTOS-VILLETA-1-scaled-320x220.webp\" width=\"320\" height=\"220\" alt=\"FOTOS VILLETA-1\" title=\"FOTOS VILLETA-1\" \/>        \r\n                    <\/div>\r\n                <\/div>\r\n            \t\t<\/div>\r\n\t<\/div>\r\n\t\t<\/div>\n\t\t\t\t<\/div>\n\t\t            <\/div>\n        <\/div>\n                    <\/div>\n        <\/section>\n        \t\t<\/div>\n\t\t","protected":false},"excerpt":{"rendered":"<p>SAGRILAFT Declaraci\u00f3n sobre la Pol\u00edtica del Sistema de Autocontrol y Gesti\u00f3n del Riesgo de Lavado de Activos y Contra la Financiaci\u00f3n del Terrorismo \u2013 SAGRILAFT METALPAR S.A.S es una Empresa de Ingenieri\u0301a cuyo objeto social esta\u0301 dirigido a la construccio\u0301n de obras civiles, meca\u0301nicas, ele\u0301ctricas y de instrumentacio\u0301n especialmente al sector de hidrocarburos en el [&hellip;]<\/p>\n","protected":false},"author":1,"featured_media":0,"parent":0,"menu_order":0,"comment_status":"closed","ping_status":"closed","template":"","meta":{"footnotes":""},"class_list":["post-14399","page","type-page","status-publish","hentry"],"_links":{"self":[{"href":"https:\/\/metalpar.co\/newsite\/wp-json\/wp\/v2\/pages\/14399","targetHints":{"allow":["GET"]}}],"collection":[{"href":"https:\/\/metalpar.co\/newsite\/wp-json\/wp\/v2\/pages"}],"about":[{"href":"https:\/\/metalpar.co\/newsite\/wp-json\/wp\/v2\/types\/page"}],"author":[{"embeddable":true,"href":"https:\/\/metalpar.co\/newsite\/wp-json\/wp\/v2\/users\/1"}],"replies":[{"embeddable":true,"href":"https:\/\/metalpar.co\/newsite\/wp-json\/wp\/v2\/comments?post=14399"}],"version-history":[{"count":26,"href":"https:\/\/metalpar.co\/newsite\/wp-json\/wp\/v2\/pages\/14399\/revisions"}],"predecessor-version":[{"id":14431,"href":"https:\/\/metalpar.co\/newsite\/wp-json\/wp\/v2\/pages\/14399\/revisions\/14431"}],"wp:attachment":[{"href":"https:\/\/metalpar.co\/newsite\/wp-json\/wp\/v2\/media?parent=14399"}],"curies":[{"name":"wp","href":"https:\/\/api.w.org\/{rel}","templated":true}]}}