{"id":14302,"date":"2024-06-08T20:35:47","date_gmt":"2024-06-08T18:35:47","guid":{"rendered":"https:\/\/metalpar.co\/newsite\/?page_id=14302"},"modified":"2024-06-08T22:51:53","modified_gmt":"2024-06-08T20:51:53","slug":"etica-y-cumplimiento","status":"publish","type":"page","link":"https:\/\/metalpar.co\/newsite\/etica-y-cumplimiento\/","title":{"rendered":"\u00c9tica y cumplimiento"},"content":{"rendered":"\t\t<div data-elementor-type=\"wp-page\" data-elementor-id=\"14302\" class=\"elementor elementor-14302\">\n\t\t\t\t        <section class=\"elementor-section elementor-top-section elementor-element elementor-element-759bb65 elementor-section-stretched elementor-section-full_width elementor-section-height-default elementor-section-height-default ct-header-fixed-none ct-column-none ct-row-scroll-none ct-row-gradient--none ct-row-container--default\" data-id=\"759bb65\" data-element_type=\"section\" data-settings=\"{&quot;stretch_section&quot;:&quot;section-stretched&quot;}\">\n                            <div class=\"elementor-background-overlay\"><\/div>\n                \n                        <div class=\"elementor-container elementor-column-gap-extended \">\n                    <div class=\"elementor-column elementor-col-100 elementor-top-column elementor-element elementor-element-a1c1ae5 ct-column-none col-offset-none\" data-id=\"a1c1ae5\" data-element_type=\"column\">\n        <div class=\"elementor-widget-wrap elementor-element-populated\">\n                    \n        <div class=\"elementor-element elementor-element-d6b9b3a e-flex e-con-boxed elementor-invisible e-con e-parent\" data-id=\"d6b9b3a\" data-element_type=\"container\" data-settings=\"{&quot;background_background&quot;:&quot;gradient&quot;,&quot;animation&quot;:&quot;fadeInUp&quot;}\">\n\t\t\t\t\t<div class=\"e-con-inner\">\n\t\t<div class=\"elementor-element elementor-element-ceb6a08 e-con-full e-flex e-con e-child\" data-id=\"ceb6a08\" data-element_type=\"container\">\n\t\t\t\t<div class=\"elementor-element elementor-element-8a6a759 elementor-view-default elementor-widget elementor-widget-icon\" data-id=\"8a6a759\" data-element_type=\"widget\" data-widget_type=\"icon.default\">\n\t\t\t\t<div class=\"elementor-widget-container\">\n\t\t\t\t\t<div class=\"elementor-icon-wrapper\">\n\t\t\t<div class=\"elementor-icon\">\n\t\t\t<i aria-hidden=\"true\" class=\"flaticon2 flaticon2-self-employed\"><\/i>\t\t\t<\/div>\n\t\t<\/div>\n\t\t\t\t<\/div>\n\t\t\t\t<\/div>\n\t\t\t\t<\/div>\n\t\t<div class=\"elementor-element elementor-element-b0f814c e-con-full e-flex e-con e-child\" data-id=\"b0f814c\" data-element_type=\"container\">\n\t\t\t\t<div class=\"elementor-element elementor-element-0e0b8f3 elementor-widget elementor-widget-ct_heading\" data-id=\"0e0b8f3\" data-element_type=\"widget\" data-widget_type=\"ct_heading.default\">\n\t\t\t\t<div class=\"elementor-widget-container\">\n\t\t\t<div id=\"ct_heading-0e0b8f3\" class=\"ct-heading h-align-center item-st-default\">\r\n    <div class=\"heading-wrapper\">\r\n        <div class=\"inner-heading\">\r\n                          \t                <h3 class=\"item--title case-animate-time st-default \" data-wow-delay=\"ms\">\r\n                    <span>\u00c9tica y cumplimiento<\/span>                <\/h3>\r\n        <\/div>\r\n    <\/div>\r\n<\/div>\r\n\t\t<\/div>\n\t\t\t\t<\/div>\n\t\t\t\t<\/div>\n\t\t<div class=\"elementor-element elementor-element-b996c55 e-con-full e-flex e-con e-child\" data-id=\"b996c55\" data-element_type=\"container\">\n\t\t\t\t<div class=\"elementor-element elementor-element-96c14e5 elementor-widget elementor-widget-ct_menu_item\" data-id=\"96c14e5\" data-element_type=\"widget\" data-widget_type=\"ct_menu_item.default\">\n\t\t\t\t<div class=\"elementor-widget-container\">\n\t\t\t    <ul class=\"ct-menu-item\">\r\n                    <li>\r\n                <a href=\"#\">                                            <span class=\"ct-icon icon-font\">\r\n                            <i aria-hidden=\"true\" class=\"far fa-check-circle\"><\/i>                                                    <\/span>\r\n                                                    \t   <span>Manual interno de poli\u0301ticas y procedimientos para el tratamiento de datos personales<\/span>\r\n                <\/a>           <\/li>\r\n                    <li>\r\n                <a href=\"#\">                                            <span class=\"ct-icon icon-font\">\r\n                            <i aria-hidden=\"true\" class=\"far fa-check-circle\"><\/i>                                                    <\/span>\r\n                                                    \t   <span>Pol\u00edtica SAGRILAFT<\/span>\r\n                <\/a>           <\/li>\r\n                    <li>\r\n                <a href=\"#\">                                            <span class=\"ct-icon icon-font\">\r\n                            <i aria-hidden=\"true\" class=\"far fa-check-circle\"><\/i>                                                    <\/span>\r\n                                                    \t   <span>Pol\u00edtica PTEE<\/span>\r\n                <\/a>           <\/li>\r\n            <\/ul>\r\n\t\t<\/div>\n\t\t\t\t<\/div>\n\t\t\t\t<\/div>\n\t\t\t\t\t<\/div>\n\t\t\t\t<\/div>\n\t\t<div class=\"elementor-element elementor-element-64e810a e-flex e-con-boxed elementor-invisible e-con e-parent\" data-id=\"64e810a\" data-element_type=\"container\" data-settings=\"{&quot;background_background&quot;:&quot;gradient&quot;,&quot;animation&quot;:&quot;fadeInUp&quot;}\">\n\t\t\t\t\t<div class=\"e-con-inner\">\n\t\t<div class=\"elementor-element elementor-element-4e95a7a e-con-full e-flex e-con e-child\" data-id=\"4e95a7a\" data-element_type=\"container\">\n\t\t\t\t<div class=\"elementor-element elementor-element-cd4fe7c elementor-view-default elementor-widget elementor-widget-icon\" data-id=\"cd4fe7c\" data-element_type=\"widget\" data-widget_type=\"icon.default\">\n\t\t\t\t<div class=\"elementor-widget-container\">\n\t\t\t\t\t<div class=\"elementor-icon-wrapper\">\n\t\t\t<div class=\"elementor-icon\">\n\t\t\t<i aria-hidden=\"true\" class=\"flaticon flaticon-automation-1\"><\/i>\t\t\t<\/div>\n\t\t<\/div>\n\t\t\t\t<\/div>\n\t\t\t\t<\/div>\n\t\t\t\t<\/div>\n\t\t<div class=\"elementor-element elementor-element-eea5a4d e-con-full e-flex e-con e-child\" data-id=\"eea5a4d\" data-element_type=\"container\">\n\t\t\t\t<div class=\"elementor-element elementor-element-07d5704 elementor-widget elementor-widget-ct_heading\" data-id=\"07d5704\" data-element_type=\"widget\" data-widget_type=\"ct_heading.default\">\n\t\t\t\t<div class=\"elementor-widget-container\">\n\t\t\t<div id=\"ct_heading-07d5704\" class=\"ct-heading h-align-center item-st-default\">\r\n    <div class=\"heading-wrapper\">\r\n        <div class=\"inner-heading\">\r\n                          \t                <h3 class=\"item--title case-animate-time st-default \" data-wow-delay=\"ms\">\r\n                    <span>Provedores<\/span>                <\/h3>\r\n        <\/div>\r\n    <\/div>\r\n<\/div>\r\n\t\t<\/div>\n\t\t\t\t<\/div>\n\t\t\t\t<\/div>\n\t\t<div class=\"elementor-element elementor-element-615dc31 e-con-full e-flex e-con e-child\" data-id=\"615dc31\" data-element_type=\"container\">\n\t\t\t\t<div class=\"elementor-element elementor-element-076778c elementor-widget elementor-widget-ct_text_editor\" data-id=\"076778c\" data-element_type=\"widget\" data-widget_type=\"ct_text_editor.default\">\n\t\t\t\t<div class=\"elementor-widget-container\">\n\t\t\t<div id=\"ct_text_editor-076778c\" class=\"ct-text-editor \" data-wow-delay=\"ms\">\n\t<div class=\"ct-inline-css\"  data-css=\"\n        \t\t\">\n\n    <\/div>\n\t<div class=\"ct-text-editor-inner elementor-clearfix\">\n\t\t<p style=\"text-align: center\">\u00daltima actualizaci\u00f3n 30 de mayo 2021<\/p>\t\t\n\t<\/div>\n<\/div>\t\t<\/div>\n\t\t\t\t<\/div>\n\t\t\t\t<\/div>\n\t\t<div class=\"elementor-element elementor-element-90d38fe e-con-full e-flex e-con e-child\" data-id=\"90d38fe\" data-element_type=\"container\">\n\t\t\t\t<div class=\"elementor-element elementor-element-ff27c6d elementor-widget elementor-widget-ct_menu_item\" data-id=\"ff27c6d\" data-element_type=\"widget\" data-widget_type=\"ct_menu_item.default\">\n\t\t\t\t<div class=\"elementor-widget-container\">\n\t\t\t    <ul class=\"ct-menu-item\">\r\n                    <li>\r\n                <a href=\"#\">                                            <span class=\"ct-icon icon-font\">\r\n                            <i aria-hidden=\"true\" class=\"far fa-check-circle\"><\/i>                                                    <\/span>\r\n                                                    \t   <span>Procedimiento compras<\/span>\r\n                <\/a>           <\/li>\r\n                    <li>\r\n                <a href=\"#\">                                            <span class=\"ct-icon icon-font\">\r\n                            <i aria-hidden=\"true\" class=\"far fa-check-circle\"><\/i>                                                    <\/span>\r\n                                                    \t   <span>Seleccio\u0301n, Evaluaci\u00f3n y Seguimiento a Proveedores<\/span>\r\n                <\/a>           <\/li>\r\n            <\/ul>\r\n\t\t<\/div>\n\t\t\t\t<\/div>\n\t\t\t\t<\/div>\n\t\t\t\t\t<\/div>\n\t\t\t\t<\/div>\n\t\t<div class=\"elementor-element elementor-element-062c74f e-flex e-con-boxed elementor-invisible e-con e-parent\" data-id=\"062c74f\" data-element_type=\"container\" data-settings=\"{&quot;background_background&quot;:&quot;gradient&quot;,&quot;animation&quot;:&quot;fadeInUp&quot;}\">\n\t\t\t\t\t<div class=\"e-con-inner\">\n\t\t<div class=\"elementor-element elementor-element-1cc5a29 e-con-full e-flex e-con e-child\" data-id=\"1cc5a29\" data-element_type=\"container\">\n\t\t\t\t<div class=\"elementor-element elementor-element-a01bdf7 elementor-view-default elementor-widget elementor-widget-icon\" data-id=\"a01bdf7\" data-element_type=\"widget\" data-widget_type=\"icon.default\">\n\t\t\t\t<div class=\"elementor-widget-container\">\n\t\t\t\t\t<div class=\"elementor-icon-wrapper\">\n\t\t\t<div class=\"elementor-icon\">\n\t\t\t<i aria-hidden=\"true\" class=\"flaticon2 flaticon2-project-management\"><\/i>\t\t\t<\/div>\n\t\t<\/div>\n\t\t\t\t<\/div>\n\t\t\t\t<\/div>\n\t\t\t\t<\/div>\n\t\t<div class=\"elementor-element elementor-element-002b877 e-con-full e-flex e-con e-child\" data-id=\"002b877\" data-element_type=\"container\">\n\t\t\t\t<div class=\"elementor-element elementor-element-072fdd4 elementor-widget elementor-widget-ct_heading\" data-id=\"072fdd4\" data-element_type=\"widget\" data-widget_type=\"ct_heading.default\">\n\t\t\t\t<div class=\"elementor-widget-container\">\n\t\t\t<div id=\"ct_heading-072fdd4\" class=\"ct-heading h-align-center item-st-default\">\r\n    <div class=\"heading-wrapper\">\r\n        <div class=\"inner-heading\">\r\n                          \t                <h3 class=\"item--title case-animate-time st-default \" data-wow-delay=\"ms\">\r\n                    <span>HSEQ<\/span>                <\/h3>\r\n        <\/div>\r\n    <\/div>\r\n<\/div>\r\n\t\t<\/div>\n\t\t\t\t<\/div>\n\t\t\t\t<\/div>\n\t\t<div class=\"elementor-element elementor-element-48593e9 e-con-full e-flex e-con e-child\" data-id=\"48593e9\" data-element_type=\"container\">\n\t\t\t\t<div class=\"elementor-element elementor-element-9c1c8fa elementor-widget elementor-widget-ct_text_editor\" data-id=\"9c1c8fa\" data-element_type=\"widget\" data-widget_type=\"ct_text_editor.default\">\n\t\t\t\t<div class=\"elementor-widget-container\">\n\t\t\t<div id=\"ct_text_editor-9c1c8fa\" class=\"ct-text-editor \" data-wow-delay=\"ms\">\n\t<div class=\"ct-inline-css\"  data-css=\"\n        \t\t\">\n\n    <\/div>\n\t<div class=\"ct-text-editor-inner elementor-clearfix\">\n\t\t<p style=\"text-align: center\">\u00daltima actualizaci\u00f3n 30 de mayo 2021<\/p>\t\t\n\t<\/div>\n<\/div>\t\t<\/div>\n\t\t\t\t<\/div>\n\t\t\t\t<\/div>\n\t\t<div class=\"elementor-element elementor-element-16709d2 e-con-full e-flex e-con e-child\" data-id=\"16709d2\" data-element_type=\"container\">\n\t\t\t\t<div class=\"elementor-element elementor-element-dff8b4c elementor-widget elementor-widget-ct_text_editor\" data-id=\"dff8b4c\" data-element_type=\"widget\" data-widget_type=\"ct_text_editor.default\">\n\t\t\t\t<div class=\"elementor-widget-container\">\n\t\t\t<div id=\"ct_text_editor-dff8b4c\" class=\"ct-text-editor \" data-wow-delay=\"ms\">\n\t<div class=\"ct-inline-css\"  data-css=\"\n        \t\t\">\n\n    <\/div>\n\t<div class=\"ct-text-editor-inner elementor-clearfix\">\n\t\t<p><strong>Pol\u00edticas<\/strong><\/p>\t\t\n\t<\/div>\n<\/div>\t\t<\/div>\n\t\t\t\t<\/div>\n\t\t\t\t<\/div>\n\t\t<div class=\"elementor-element elementor-element-7aa0295 e-con-full e-flex e-con e-child\" data-id=\"7aa0295\" data-element_type=\"container\">\n\t\t\t\t<div class=\"elementor-element elementor-element-0a8f47d elementor-widget elementor-widget-ct_menu_item\" data-id=\"0a8f47d\" data-element_type=\"widget\" data-widget_type=\"ct_menu_item.default\">\n\t\t\t\t<div class=\"elementor-widget-container\">\n\t\t\t    <ul class=\"ct-menu-item\">\r\n                    <li>\r\n                <a href=\"#\">                                            <span class=\"ct-icon icon-font\">\r\n                            <i aria-hidden=\"true\" class=\"far fa-check-circle\"><\/i>                                                    <\/span>\r\n                                                    \t   <span>Sig0901 Politica Integral V15<\/span>\r\n                <\/a>           <\/li>\r\n                    <li>\r\n                <a href=\"#\">                                            <span class=\"ct-icon icon-font\">\r\n                            <i aria-hidden=\"true\" class=\"far fa-check-circle\"><\/i>                                                    <\/span>\r\n                                                    \t   <span>Sig0902 Politica de Prevencion Y Atencio\u0301n del Consumo de Sustancias Psicoactivas. V.8<\/span>\r\n                <\/a>           <\/li>\r\n                    <li>\r\n                <a href=\"#\">                                            <span class=\"ct-icon icon-font\">\r\n                            <i aria-hidden=\"true\" class=\"far fa-check-circle\"><\/i>                                                    <\/span>\r\n                                                    \t   <span>Sig0903 Politica De Seguridad Vial V12<\/span>\r\n                <\/a>           <\/li>\r\n                    <li>\r\n                <a href=\"#\">                                            <span class=\"ct-icon icon-font\">\r\n                            <i aria-hidden=\"true\" class=\"far fa-check-circle\"><\/i>                                                    <\/span>\r\n                                                    \t   <span>SIG0905 Pol\u00edtica de Derechos Humanos V.4<\/span>\r\n                <\/a>           <\/li>\r\n                    <li>\r\n                <a href=\"#\">                                            <span class=\"ct-icon icon-font\">\r\n                            <i aria-hidden=\"true\" class=\"far fa-check-circle\"><\/i>                                                    <\/span>\r\n                                                    \t   <span>SIG0906 Pol\u00edtica de Enfoque \u00c9tnico  V.2<\/span>\r\n                <\/a>           <\/li>\r\n                    <li>\r\n                <a href=\"#\">                                            <span class=\"ct-icon icon-font\">\r\n                            <i aria-hidden=\"true\" class=\"far fa-check-circle\"><\/i>                                                    <\/span>\r\n                                                    \t   <span>SIG0707 Pol\u00edtica de desconexi\u00f3n laboral<\/span>\r\n                <\/a>           <\/li>\r\n                    <li>\r\n                <a href=\"#\">                                            <span class=\"ct-icon icon-font\">\r\n                            <i aria-hidden=\"true\" class=\"far fa-check-circle\"><\/i>                                                    <\/span>\r\n                                                    \t   <span>Alcance del sistema HSEQ<\/span>\r\n                <\/a>           <\/li>\r\n            <\/ul>\r\n\t\t<\/div>\n\t\t\t\t<\/div>\n\t\t\t\t<\/div>\n\t\t<div class=\"elementor-element elementor-element-a07886f e-con-full e-flex e-con e-child\" data-id=\"a07886f\" data-element_type=\"container\">\n\t\t\t\t<div class=\"elementor-element elementor-element-f4fdeaa elementor-widget elementor-widget-ct_text_editor\" data-id=\"f4fdeaa\" data-element_type=\"widget\" data-widget_type=\"ct_text_editor.default\">\n\t\t\t\t<div class=\"elementor-widget-container\">\n\t\t\t<div id=\"ct_text_editor-f4fdeaa\" class=\"ct-text-editor \" data-wow-delay=\"ms\">\n\t<div class=\"ct-inline-css\"  data-css=\"\n        \t\t\">\n\n    <\/div>\n\t<div class=\"ct-text-editor-inner elementor-clearfix\">\n\t\t<strong>Caracterizaciones<\/strong>\t\t\n\t<\/div>\n<\/div>\t\t<\/div>\n\t\t\t\t<\/div>\n\t\t\t\t<\/div>\n\t\t<div class=\"elementor-element elementor-element-3284cdd e-con-full e-flex e-con e-child\" data-id=\"3284cdd\" data-element_type=\"container\">\n\t\t\t\t<div class=\"elementor-element elementor-element-8ba99e9 elementor-widget elementor-widget-ct_menu_item\" data-id=\"8ba99e9\" data-element_type=\"widget\" data-widget_type=\"ct_menu_item.default\">\n\t\t\t\t<div class=\"elementor-widget-container\">\n\t\t\t    <ul class=\"ct-menu-item\">\r\n                    <li>\r\n                <a href=\"#\">                                            <span class=\"ct-icon icon-font\">\r\n                            <i aria-hidden=\"true\" class=\"far fa-check-circle\"><\/i>                                                    <\/span>\r\n                                                    \t   <span>GER0706 Caracterizaciones V4<\/span>\r\n                <\/a>           <\/li>\r\n                    <li>\r\n                <a href=\"#\">                                            <span class=\"ct-icon icon-font\">\r\n                            <i aria-hidden=\"true\" class=\"far fa-check-circle\"><\/i>                                                    <\/span>\r\n                                                    \t   <span>Mapa de procesos<\/span>\r\n                <\/a>           <\/li>\r\n                    <li>\r\n                <a href=\"#\">                                            <span class=\"ct-icon icon-font\">\r\n                            <i aria-hidden=\"true\" class=\"far fa-check-circle\"><\/i>                                                    <\/span>\r\n                                                    \t   <span>Partes Interesadas<\/span>\r\n                <\/a>           <\/li>\r\n            <\/ul>\r\n\t\t<\/div>\n\t\t\t\t<\/div>\n\t\t\t\t<\/div>\n\t\t<div class=\"elementor-element elementor-element-9a829b0 e-con-full e-flex e-con e-child\" data-id=\"9a829b0\" data-element_type=\"container\">\n\t\t\t\t<div class=\"elementor-element elementor-element-c73e166 elementor-widget elementor-widget-ct_text_editor\" data-id=\"c73e166\" data-element_type=\"widget\" data-widget_type=\"ct_text_editor.default\">\n\t\t\t\t<div class=\"elementor-widget-container\">\n\t\t\t<div id=\"ct_text_editor-c73e166\" class=\"ct-text-editor \" data-wow-delay=\"ms\">\n\t<div class=\"ct-inline-css\"  data-css=\"\n        \t\t\">\n\n    <\/div>\n\t<div class=\"ct-text-editor-inner elementor-clearfix\">\n\t\t<strong>PAPSO<\/strong>\t\t\n\t<\/div>\n<\/div>\t\t<\/div>\n\t\t\t\t<\/div>\n\t\t\t\t<\/div>\n\t\t<div class=\"elementor-element elementor-element-5680372 e-con-full e-flex e-con e-child\" data-id=\"5680372\" data-element_type=\"container\">\n\t\t\t\t<div class=\"elementor-element elementor-element-7320894 elementor-widget elementor-widget-ct_menu_item\" data-id=\"7320894\" data-element_type=\"widget\" data-widget_type=\"ct_menu_item.default\">\n\t\t\t\t<div class=\"elementor-widget-container\">\n\t\t\t    <ul class=\"ct-menu-item\">\r\n                    <li>\r\n                <a href=\"#\">                                            <span class=\"ct-icon icon-font\">\r\n                            <i aria-hidden=\"true\" class=\"far fa-check-circle\"><\/i>                                                    <\/span>\r\n                                                    \t   <span>Sig0520ep plan de aplicaci\u00f3n del protocolo sanitario para la obra (PAPSO) atenci\u00f3n COVID 19 V6A<\/span>\r\n                <\/a>           <\/li>\r\n            <\/ul>\r\n\t\t<\/div>\n\t\t\t\t<\/div>\n\t\t\t\t<\/div>\n\t\t\t\t\t<\/div>\n\t\t\t\t<\/div>\n\t\t            <\/div>\n        <\/div>\n                    <\/div>\n        <\/section>\n        \t\t<\/div>\n\t\t","protected":false},"excerpt":{"rendered":"<p>\u00c9tica y cumplimiento Manual interno de poli\u0301ticas y procedimientos para el tratamiento de datos personales Pol\u00edtica SAGRILAFT Pol\u00edtica PTEE Provedores \u00daltima actualizaci\u00f3n 30 de mayo 2021 Procedimiento compras Seleccio\u0301n, Evaluaci\u00f3n y Seguimiento a Proveedores HSEQ \u00daltima actualizaci\u00f3n 30 de mayo 2021 Pol\u00edticas Sig0901 Politica Integral V15 Sig0902 Politica de Prevencion Y Atencio\u0301n del Consumo de [&hellip;]<\/p>\n","protected":false},"author":1,"featured_media":0,"parent":0,"menu_order":0,"comment_status":"closed","ping_status":"closed","template":"","meta":{"footnotes":""},"class_list":["post-14302","page","type-page","status-publish","hentry"],"_links":{"self":[{"href":"https:\/\/metalpar.co\/newsite\/wp-json\/wp\/v2\/pages\/14302","targetHints":{"allow":["GET"]}}],"collection":[{"href":"https:\/\/metalpar.co\/newsite\/wp-json\/wp\/v2\/pages"}],"about":[{"href":"https:\/\/metalpar.co\/newsite\/wp-json\/wp\/v2\/types\/page"}],"author":[{"embeddable":true,"href":"https:\/\/metalpar.co\/newsite\/wp-json\/wp\/v2\/users\/1"}],"replies":[{"embeddable":true,"href":"https:\/\/metalpar.co\/newsite\/wp-json\/wp\/v2\/comments?post=14302"}],"version-history":[{"count":80,"href":"https:\/\/metalpar.co\/newsite\/wp-json\/wp\/v2\/pages\/14302\/revisions"}],"predecessor-version":[{"id":14388,"href":"https:\/\/metalpar.co\/newsite\/wp-json\/wp\/v2\/pages\/14302\/revisions\/14388"}],"wp:attachment":[{"href":"https:\/\/metalpar.co\/newsite\/wp-json\/wp\/v2\/media?parent=14302"}],"curies":[{"name":"wp","href":"https:\/\/api.w.org\/{rel}","templated":true}]}}